{"id":1060,"date":"2025-06-10T21:28:14","date_gmt":"2025-06-10T19:28:14","guid":{"rendered":"https:\/\/www.ramcl.be\/ramcl\/?page_id=1060"},"modified":"2026-03-11T09:38:03","modified_gmt":"2026-03-11T08:38:03","slug":"formulaire-dinscription","status":"publish","type":"page","link":"https:\/\/www.ramcl.be\/ramcl\/index.php\/formulaire-dinscription\/","title":{"rendered":"Formulaire d&rsquo;inscription"},"content":{"rendered":"\n<div id=\"wp-block-themeisle-blocks-form-612f823a\" class=\"wp-block-themeisle-blocks-form\" data-option-name=\"f002d8fb24a1ee31a45f294d0e4e171b46690c57_612f823a\"><form class=\"otter-form__container\"><div class=\"wp-block-themeisle-blocks-form-multiple-choice\" id=\"wp-block-themeisle-blocks-form-input-f61deff1\"><label class=\"otter-form-input-label\" >Choix de l&rsquo;activit\u00e9<span class=\"required\">*<\/span><\/label><div class=\"o-form-choices\"><div class=\"o-form-multiple-choice-field\"><input type=\"radio\" name=\"wp-block-themeisle-blocks-form-input-f61deff1\" id=\"field-La_Ran-Dom\u00e9_26_avril_2026\" value=\"La_Ran-Dom\u00e9_26_avril_2026\" required \/><label for=\"field-La_Ran-Dom\u00e9_26_avril_2026\" class=\"o-form-choice-label\">La Ran-Dom\u00e9 26 avril 2026<\/label><\/div><\/div><span class=\"o-form-help\">S\u00e9lectionnez l&#039;activit\u00e9 pour laquelle vous souhaitez vous inscrire. Si l&#039;activit\u00e9 n&#039;est pas list\u00e9e ci-dessus cela signifie que les inscriptions ne sont pas encore ouvertes, clotur\u00e9es ou compl\u00e8tes.<\/span><\/div>\n\n\n<div id=\"wp-block-themeisle-blocks-form-input-fbee1276\" class=\"wp-block-themeisle-blocks-form-input\"><label for=\"wp-block-themeisle-blocks-form-input-fbee1276-input\" class=\"otter-form-input-label\"><span class=\"otter-form-input-label__label\">Nom et pr\u00e9nom<\/span><span class=\"required\">*<\/span><\/label><input type=\"text\" id=\"wp-block-themeisle-blocks-form-input-fbee1276-input\" required class=\"otter-form-input\"\/><span class=\"o-form-help\">Entrez votre nom et pr\u00e9nom<\/span><\/div>\n\n\n\n<div id=\"wp-block-themeisle-blocks-form-input-164cf05b\" class=\"wp-block-themeisle-blocks-form-input\"><label for=\"wp-block-themeisle-blocks-form-input-164cf05b-input\" class=\"otter-form-input-label\"><span class=\"otter-form-input-label__label\">Email<\/span><span class=\"required\">*<\/span><\/label><input type=\"email\" id=\"wp-block-themeisle-blocks-form-input-164cf05b-input\" required class=\"otter-form-input\"\/><span class=\"o-form-help\">Entrez votre email et v\u00e9rifiez qu&rsquo;il soit correct (sans quoi nous ne pourrons pas vous contacter pour le suivi et les d\u00e9tails de l&rsquo;activit\u00e9s)<\/span><\/div>\n\n\n\n<div id=\"wp-block-themeisle-blocks-form-input-5cee8130\" class=\"wp-block-themeisle-blocks-form-input\"><label for=\"wp-block-themeisle-blocks-form-input-5cee8130-input\" class=\"otter-form-input-label\"><span class=\"otter-form-input-label__label\">Num\u00e9ro de portable\/GSM<\/span><span class=\"required\">*<\/span><\/label><input type=\"text\" id=\"wp-block-themeisle-blocks-form-input-5cee8130-input\" required class=\"otter-form-input\"\/><\/div>\n\n\n<div class=\"wp-block-themeisle-blocks-form-multiple-choice\" id=\"wp-block-themeisle-blocks-form-input-68d1f341\"><label class=\"otter-form-input-label\" >Je serais accompagn\u00e9 de<span class=\"required\">*<\/span><\/label><div class=\"o-form-choices\"><div class=\"o-form-multiple-choice-field\"><input type=\"radio\" name=\"wp-block-themeisle-blocks-form-input-68d1f341\" id=\"field-1_adulte\" value=\"1_adulte\" required checked \/><label for=\"field-1_adulte\" class=\"o-form-choice-label\">1 adulte<\/label><\/div><div class=\"o-form-multiple-choice-field\"><input type=\"radio\" name=\"wp-block-themeisle-blocks-form-input-68d1f341\" id=\"field-2_adultes\" value=\"2_adultes\" required \/><label for=\"field-2_adultes\" class=\"o-form-choice-label\">2 adultes<\/label><\/div><div class=\"o-form-multiple-choice-field\"><input type=\"radio\" name=\"wp-block-themeisle-blocks-form-input-68d1f341\" id=\"field-3_adultes\" value=\"3_adultes\" required \/><label for=\"field-3_adultes\" class=\"o-form-choice-label\">3 adultes<\/label><\/div><div class=\"o-form-multiple-choice-field\"><input type=\"radio\" name=\"wp-block-themeisle-blocks-form-input-68d1f341\" id=\"field-Je_viens_seul(e)_\" value=\"Je_viens_seul(e)_\" required \/><label for=\"field-Je_viens_seul(e)_\" class=\"o-form-choice-label\">Je viens seul(e) <\/label><\/div><\/div><span class=\"o-form-help\"><\/span><\/div>\n\n<div class=\"is-style-hidden-label wp-block-themeisle-blocks-form-multiple-choice\" id=\"wp-block-themeisle-blocks-form-multiple-choice-fb887c88\"><label class=\"otter-form-input-label\" >Nb enfants :<span class=\"required\">*<\/span><\/label><div class=\"o-form-choices\"><div class=\"o-form-multiple-choice-field\"><input type=\"radio\" name=\"wp-block-themeisle-blocks-form-multiple-choice-fb887c88\" id=\"field-Pas_d&#039;enfant_\" value=\"Pas_d&#039;enfant_\" required checked \/><label for=\"field-Pas_d&#039;enfant_\" class=\"o-form-choice-label\">Pas d&rsquo;enfant <\/label><\/div><div class=\"o-form-multiple-choice-field\"><input type=\"radio\" name=\"wp-block-themeisle-blocks-form-multiple-choice-fb887c88\" id=\"field-1_enfant\" value=\"1_enfant\" required \/><label for=\"field-1_enfant\" class=\"o-form-choice-label\">1 enfant<\/label><\/div><div class=\"o-form-multiple-choice-field\"><input type=\"radio\" name=\"wp-block-themeisle-blocks-form-multiple-choice-fb887c88\" id=\"field-2_enfants\" value=\"2_enfants\" required \/><label for=\"field-2_enfants\" class=\"o-form-choice-label\">2 enfants<\/label><\/div><div class=\"o-form-multiple-choice-field\"><input type=\"radio\" name=\"wp-block-themeisle-blocks-form-multiple-choice-fb887c88\" id=\"field-3_enfants\" value=\"3_enfants\" required \/><label for=\"field-3_enfants\" class=\"o-form-choice-label\">3 enfants<\/label><\/div><\/div><span class=\"o-form-help\"><\/span><\/div>\n\n<div class=\"wp-block-themeisle-blocks-form-multiple-choice\" id=\"wp-block-themeisle-blocks-form-input-d01090a3\"><label class=\"otter-form-input-label\" >Membre adh\u00e9rent du club<span class=\"required\">*<\/span><\/label><div class=\"o-form-choices\"><div class=\"o-form-multiple-choice-field\"><input type=\"radio\" name=\"wp-block-themeisle-blocks-form-input-d01090a3\" id=\"field-Je_suis_membre_et_en_ordre_de_cotisation\" value=\"Je_suis_membre_et_en_ordre_de_cotisation\" required checked \/><label for=\"field-Je_suis_membre_et_en_ordre_de_cotisation\" class=\"o-form-choice-label\">Je suis membre et en ordre de cotisation<\/label><\/div><div class=\"o-form-multiple-choice-field\"><input type=\"radio\" name=\"wp-block-themeisle-blocks-form-input-d01090a3\" id=\"field-Je_ne_suis_pas_membre_du_club_mais_souhaite_participer_\u00e0_l&#039;activit\u00e9\" value=\"Je_ne_suis_pas_membre_du_club_mais_souhaite_participer_\u00e0_l&#039;activit\u00e9\" required \/><label for=\"field-Je_ne_suis_pas_membre_du_club_mais_souhaite_participer_\u00e0_l&#039;activit\u00e9\" class=\"o-form-choice-label\">Je ne suis pas membre du club mais souhaite participer \u00e0 l&rsquo;activit\u00e9<\/label><\/div><\/div><span class=\"o-form-help\">Veuillez adapter le montant de votre participation \u00e0 l&#039;activit\u00e9 en fonction que vous \u00eates ou pas membre du RAMCL.<\/span><\/div>\n\n<div class=\"protection\" aria-hidden=\"true\"><input type=\"hidden\" id=\"wp-block-themeisle-blocks-form-612f823a_nonce_field\" name=\"wp-block-themeisle-blocks-form-612f823a_nonce_field\" value=\"812fd8abb9\" \/><input type=\"hidden\" name=\"_wp_http_referer\" value=\"\/ramcl\/index.php\/wp-json\/wp\/v2\/pages\/1060\" \/><input class=\"o-anti-bot\" type=\"checkbox\"><\/div>\n\n\n<div id=\"wp-block-themeisle-blocks-form-input-42ea5b67\" class=\"wp-block-themeisle-blocks-form-input\"><label for=\"wp-block-themeisle-blocks-form-input-42ea5b67-input\" class=\"otter-form-input-label\"><span class=\"otter-form-input-label__label\">Adresse<\/span><\/label><input type=\"text\" id=\"wp-block-themeisle-blocks-form-input-42ea5b67-input\" class=\"otter-form-input\"\/><span class=\"o-form-help\">Renseignez votre rue, num, CP et localit\u00e9<\/span><\/div>\n\n\n\n<div id=\"wp-block-themeisle-blocks-form-input-995a76e3\" class=\"wp-block-themeisle-blocks-form-input\"><label for=\"wp-block-themeisle-blocks-form-input-995a76e3-input\" class=\"otter-form-input-label\"><span class=\"otter-form-input-label__label\">Marque et mod\u00e8le de voiture\/moto<\/span><\/label><input type=\"text\" id=\"wp-block-themeisle-blocks-form-input-995a76e3-input\" class=\"otter-form-input\"\/><span class=\"o-form-help\">Renseignez ici la marque et le mod\u00e8le du v\u00e9hicule que nous utiliserez le jour de l&rsquo;activit\u00e9<\/span><\/div>\n\n\n\n<div id=\"wp-block-themeisle-blocks-form-input-f1ef4c56\" class=\"wp-block-themeisle-blocks-form-input\"><label for=\"wp-block-themeisle-blocks-form-input-f1ef4c56-input\" class=\"otter-form-input-label\"><span class=\"otter-form-input-label__label\">Commentaire ou information compl\u00e9mentaire<\/span><\/label><input type=\"text\" id=\"wp-block-themeisle-blocks-form-input-f1ef4c56-input\" class=\"otter-form-input\"\/><\/div>\n\n\n<div class=\" is-style-hidden-label wp-block-themeisle-blocks-form-multiple-choice\" id=\"wp-block-themeisle-blocks-form-input-fd559eff\"><label class=\"otter-form-input-label\" >Engagement \u00e0 payer<span class=\"required\">*<\/span><\/label><div class=\"o-form-choices\"><div class=\"o-form-multiple-choice-field\"><input type=\"checkbox\" name=\"wp-block-themeisle-blocks-form-input-fd559eff\" id=\"field-En_cochant_cette_case,_je_m&#039;engage_\u00e0_verser_sous_3_jours_le_montant_int\u00e9gral_de_ma_participation_sur_le_compte_de_l&#039;asbl_en_indiquant_en_communication_&quot;le_nom_de_l&#039;activit\u00e9_et_nom\/pr\u00e9nom&quot;._L&#039;inscription_ne_sera_prise_en_compte_qu&#039;apr\u00e8s_r\u00e9ception_de_ce_paiement.\" value=\"En_cochant_cette_case,_je_m&#039;engage_\u00e0_verser_sous_3_jours_le_montant_int\u00e9gral_de_ma_participation_sur_le_compte_de_l&#039;asbl_en_indiquant_en_communication_&quot;le_nom_de_l&#039;activit\u00e9_et_nom\/pr\u00e9nom&quot;._L&#039;inscription_ne_sera_prise_en_compte_qu&#039;apr\u00e8s_r\u00e9ception_de_ce_paiement.\" required \/><label for=\"field-En_cochant_cette_case,_je_m&#039;engage_\u00e0_verser_sous_3_jours_le_montant_int\u00e9gral_de_ma_participation_sur_le_compte_de_l&#039;asbl_en_indiquant_en_communication_&quot;le_nom_de_l&#039;activit\u00e9_et_nom\/pr\u00e9nom&quot;._L&#039;inscription_ne_sera_prise_en_compte_qu&#039;apr\u00e8s_r\u00e9ception_de_ce_paiement.\" class=\"o-form-choice-label\">En cochant cette case, je m&rsquo;engage \u00e0 verser sous 3 jours le montant int\u00e9gral de ma participation sur le compte de l&rsquo;asbl en indiquant en communication \u00ab\u00a0le nom de l&rsquo;activit\u00e9 et nom\/pr\u00e9nom\u00a0\u00bb. L&rsquo;inscription ne sera prise en compte qu&rsquo;apr\u00e8s r\u00e9ception de ce paiement.<\/label><\/div><\/div><span class=\"o-form-help\"><\/span><\/div>\n\n\n<p><\/p>\n<div class=\"wp-block-button\"><button class=\"wp-block-button__link\" type=\"submit\">Submit<\/button><\/div><\/form><\/div>\n","protected":false},"excerpt":{"rendered":"","protected":false},"author":1,"featured_media":0,"parent":0,"menu_order":0,"comment_status":"closed","ping_status":"closed","template":"","meta":{"_EventAllDay":false,"_EventTimezone":"","_EventStartDate":"","_EventEndDate":"","_EventStartDateUTC":"","_EventEndDateUTC":"","_EventShowMap":false,"_EventShowMapLink":false,"_EventURL":"","_EventCost":"","_EventCostDescription":"","_EventCurrencySymbol":"","_EventCurrencyCode":"","_EventCurrencyPosition":"","_EventDateTimeSeparator":"","_EventTimeRangeSeparator":"","_EventOrganizerID":[],"_EventVenueID":[],"_OrganizerEmail":"","_OrganizerPhone":"","_OrganizerWebsite":"","_VenueAddress":"","_VenueCity":"","_VenueCountry":"","_VenueProvince":"","_VenueState":"","_VenueZip":"","_VenuePhone":"","_VenueURL":"","_VenueStateProvince":"","_VenueLat":"","_VenueLng":"","_VenueShowMap":false,"_VenueShowMapLink":false,"_themeisle_gutenberg_block_has_review":false,"footnotes":""},"class_list":["post-1060","page","type-page","status-publish","hentry"],"_links":{"self":[{"href":"https:\/\/www.ramcl.be\/ramcl\/index.php\/wp-json\/wp\/v2\/pages\/1060","targetHints":{"allow":["GET"]}}],"collection":[{"href":"https:\/\/www.ramcl.be\/ramcl\/index.php\/wp-json\/wp\/v2\/pages"}],"about":[{"href":"https:\/\/www.ramcl.be\/ramcl\/index.php\/wp-json\/wp\/v2\/types\/page"}],"author":[{"embeddable":true,"href":"https:\/\/www.ramcl.be\/ramcl\/index.php\/wp-json\/wp\/v2\/users\/1"}],"replies":[{"embeddable":true,"href":"https:\/\/www.ramcl.be\/ramcl\/index.php\/wp-json\/wp\/v2\/comments?post=1060"}],"version-history":[{"count":22,"href":"https:\/\/www.ramcl.be\/ramcl\/index.php\/wp-json\/wp\/v2\/pages\/1060\/revisions"}],"predecessor-version":[{"id":1584,"href":"https:\/\/www.ramcl.be\/ramcl\/index.php\/wp-json\/wp\/v2\/pages\/1060\/revisions\/1584"}],"wp:attachment":[{"href":"https:\/\/www.ramcl.be\/ramcl\/index.php\/wp-json\/wp\/v2\/media?parent=1060"}],"curies":[{"name":"wp","href":"https:\/\/api.w.org\/{rel}","templated":true}]}}