{"id":1188,"date":"2025-08-05T11:09:38","date_gmt":"2025-08-05T09:09:38","guid":{"rendered":"https:\/\/www.ramcl.be\/ramcl\/?page_id=1188"},"modified":"2025-08-05T12:11:54","modified_gmt":"2025-08-05T10:11:54","slug":"boutique","status":"publish","type":"page","link":"https:\/\/www.ramcl.be\/ramcl\/index.php\/boutique\/","title":{"rendered":"Boutique"},"content":{"rendered":"\n<p>Retrouvez ici la boutique de votre club. Il est possible d&rsquo;acqu\u00e9rir les articles avec vos points de fid\u00e9lit\u00e9, en achat direct ou en combinant les deux.<\/p>\n\n\n\n<p>R\u00e9server et commandez vos articles via le bon de commande.<\/p>\n\n\n\n<div class=\"wp-block-buttons is-layout-flex wp-block-buttons-is-layout-flex\">\n<div class=\"wp-block-button\"><a class=\"wp-block-button__link wp-element-button\" href=\"https:\/\/www.ramcl.be\/ramcl\/index.php\/bon-de-commande\/\">Bon de commande<\/a><\/div>\n<\/div>\n\n\n\n<p>Pour comprendre comment j&rsquo;accumule des points de fid\u00e9lit\u00e9, <a href=\"https:\/\/www.ramcl.be\/ramcl\/index.php\/club-programme-fidelite\/\" data-type=\"page\" data-id=\"918\">cliquez ici<\/a>.<\/p>\n\n\n\n<figure class=\"wp-block-gallery has-nested-images columns-2 is-cropped wp-block-gallery-2 is-layout-flex wp-block-gallery-is-layout-flex\">\n<figure class=\"wp-block-image size-large is-style-default wp-duotone-unset-1\" id=\"wp-block-themeisle-blocks-image-60385fe9\"><img loading=\"lazy\" decoding=\"async\" width=\"1024\" height=\"724\" data-id=\"1191\" src=\"https:\/\/www.ramcl.be\/ramcl\/wp-content\/uploads\/2025\/08\/1-1024x724.jpg\" alt=\"\" class=\"wp-image-1191\" srcset=\"https:\/\/www.ramcl.be\/ramcl\/wp-content\/uploads\/2025\/08\/1-1024x724.jpg 1024w, https:\/\/www.ramcl.be\/ramcl\/wp-content\/uploads\/2025\/08\/1-300x212.jpg 300w, https:\/\/www.ramcl.be\/ramcl\/wp-content\/uploads\/2025\/08\/1-768x543.jpg 768w, https:\/\/www.ramcl.be\/ramcl\/wp-content\/uploads\/2025\/08\/1-1536x1086.jpg 1536w, https:\/\/www.ramcl.be\/ramcl\/wp-content\/uploads\/2025\/08\/1-2048x1448.jpg 2048w\" sizes=\"auto, (max-width: 1024px) 100vw, 1024px\" \/><figcaption class=\"wp-element-caption\"><strong>Porte-cl\u00e9 : 4\u20ac \/ 40 points<\/strong><\/figcaption><\/figure>\n\n\n\n<figure class=\"wp-block-image size-large\" id=\"wp-block-themeisle-blocks-image-574dd424\"><img loading=\"lazy\" decoding=\"async\" width=\"1024\" height=\"724\" data-id=\"1199\" src=\"https:\/\/www.ramcl.be\/ramcl\/wp-content\/uploads\/2025\/08\/11-1024x724.jpg\" alt=\"\" class=\"wp-image-1199\" srcset=\"https:\/\/www.ramcl.be\/ramcl\/wp-content\/uploads\/2025\/08\/11-1024x724.jpg 1024w, https:\/\/www.ramcl.be\/ramcl\/wp-content\/uploads\/2025\/08\/11-300x212.jpg 300w, https:\/\/www.ramcl.be\/ramcl\/wp-content\/uploads\/2025\/08\/11-768x543.jpg 768w, https:\/\/www.ramcl.be\/ramcl\/wp-content\/uploads\/2025\/08\/11-1536x1086.jpg 1536w, https:\/\/www.ramcl.be\/ramcl\/wp-content\/uploads\/2025\/08\/11-2048x1448.jpg 2048w\" sizes=\"auto, (max-width: 1024px) 100vw, 1024px\" \/><figcaption class=\"wp-element-caption\"><strong>Ecusson \u00e0 coudre : 5\u20ac \/ 50 points<\/strong><\/figcaption><\/figure>\n\n\n\n<figure class=\"wp-block-image size-large\" id=\"wp-block-themeisle-blocks-image-a83270dd\"><img loading=\"lazy\" decoding=\"async\" width=\"1024\" height=\"724\" data-id=\"1189\" src=\"https:\/\/www.ramcl.be\/ramcl\/wp-content\/uploads\/2025\/08\/10-1024x724.jpg\" alt=\"\" class=\"wp-image-1189\" srcset=\"https:\/\/www.ramcl.be\/ramcl\/wp-content\/uploads\/2025\/08\/10-1024x724.jpg 1024w, https:\/\/www.ramcl.be\/ramcl\/wp-content\/uploads\/2025\/08\/10-300x212.jpg 300w, https:\/\/www.ramcl.be\/ramcl\/wp-content\/uploads\/2025\/08\/10-768x543.jpg 768w, https:\/\/www.ramcl.be\/ramcl\/wp-content\/uploads\/2025\/08\/10-1536x1086.jpg 1536w, https:\/\/www.ramcl.be\/ramcl\/wp-content\/uploads\/2025\/08\/10-2048x1448.jpg 2048w\" sizes=\"auto, (max-width: 1024px) 100vw, 1024px\" \/><figcaption class=\"wp-element-caption\"><strong>4 ventouses pour plaque de rallye : 8\u20ac \/ 80 points<\/strong><\/figcaption><\/figure>\n\n\n\n<figure class=\"wp-block-image size-large\" id=\"wp-block-themeisle-blocks-image-dd5ef9cf\"><img loading=\"lazy\" decoding=\"async\" width=\"1024\" height=\"724\" data-id=\"1193\" src=\"https:\/\/www.ramcl.be\/ramcl\/wp-content\/uploads\/2025\/08\/2-1024x724.jpg\" alt=\"\" class=\"wp-image-1193\" srcset=\"https:\/\/www.ramcl.be\/ramcl\/wp-content\/uploads\/2025\/08\/2-1024x724.jpg 1024w, https:\/\/www.ramcl.be\/ramcl\/wp-content\/uploads\/2025\/08\/2-300x212.jpg 300w, https:\/\/www.ramcl.be\/ramcl\/wp-content\/uploads\/2025\/08\/2-768x543.jpg 768w, https:\/\/www.ramcl.be\/ramcl\/wp-content\/uploads\/2025\/08\/2-1536x1086.jpg 1536w\" sizes=\"auto, (max-width: 1024px) 100vw, 1024px\" \/><figcaption class=\"wp-element-caption\"><strong>Plaque \u00e9maill\u00e9e calandre : 16\u20ac \/ 160 points<\/strong><\/figcaption><\/figure>\n\n\n\n<figure class=\"wp-block-image size-large\" id=\"wp-block-themeisle-blocks-image-a85f748f\"><img loading=\"lazy\" decoding=\"async\" width=\"1024\" height=\"724\" data-id=\"1196\" src=\"https:\/\/www.ramcl.be\/ramcl\/wp-content\/uploads\/2025\/08\/7-1024x724.jpg\" alt=\"\" class=\"wp-image-1196\" srcset=\"https:\/\/www.ramcl.be\/ramcl\/wp-content\/uploads\/2025\/08\/7-1024x724.jpg 1024w, https:\/\/www.ramcl.be\/ramcl\/wp-content\/uploads\/2025\/08\/7-300x212.jpg 300w, https:\/\/www.ramcl.be\/ramcl\/wp-content\/uploads\/2025\/08\/7-768x543.jpg 768w, https:\/\/www.ramcl.be\/ramcl\/wp-content\/uploads\/2025\/08\/7-1536x1086.jpg 1536w\" sizes=\"auto, (max-width: 1024px) 100vw, 1024px\" \/><figcaption class=\"wp-element-caption\"><strong>Casquette : 20\u20ac \/ 200 points<\/strong><\/figcaption><\/figure>\n\n\n\n<figure class=\"wp-block-image size-large\" id=\"wp-block-themeisle-blocks-image-22130890\"><img loading=\"lazy\" decoding=\"async\" width=\"1024\" height=\"724\" data-id=\"1190\" src=\"https:\/\/www.ramcl.be\/ramcl\/wp-content\/uploads\/2025\/08\/4-1024x724.jpg\" alt=\"\" class=\"wp-image-1190\" srcset=\"https:\/\/www.ramcl.be\/ramcl\/wp-content\/uploads\/2025\/08\/4-1024x724.jpg 1024w, https:\/\/www.ramcl.be\/ramcl\/wp-content\/uploads\/2025\/08\/4-300x212.jpg 300w, https:\/\/www.ramcl.be\/ramcl\/wp-content\/uploads\/2025\/08\/4-768x543.jpg 768w, https:\/\/www.ramcl.be\/ramcl\/wp-content\/uploads\/2025\/08\/4-1536x1086.jpg 1536w\" sizes=\"auto, (max-width: 1024px) 100vw, 1024px\" \/><figcaption class=\"wp-element-caption\"><strong>Parapluie : 24 \u20ac \/ 240 points<\/strong><\/figcaption><\/figure>\n\n\n\n<figure class=\"wp-block-image size-large\" id=\"wp-block-themeisle-blocks-image-ff953278\"><img loading=\"lazy\" decoding=\"async\" width=\"1024\" height=\"724\" data-id=\"1192\" src=\"https:\/\/www.ramcl.be\/ramcl\/wp-content\/uploads\/2025\/08\/9-1024x724.jpg\" alt=\"\" class=\"wp-image-1192\" srcset=\"https:\/\/www.ramcl.be\/ramcl\/wp-content\/uploads\/2025\/08\/9-1024x724.jpg 1024w, https:\/\/www.ramcl.be\/ramcl\/wp-content\/uploads\/2025\/08\/9-300x212.jpg 300w, https:\/\/www.ramcl.be\/ramcl\/wp-content\/uploads\/2025\/08\/9-768x543.jpg 768w, https:\/\/www.ramcl.be\/ramcl\/wp-content\/uploads\/2025\/08\/9-1536x1086.jpg 1536w, https:\/\/www.ramcl.be\/ramcl\/wp-content\/uploads\/2025\/08\/9-2048x1448.jpg 2048w\" sizes=\"auto, (max-width: 1024px) 100vw, 1024px\" \/><figcaption class=\"wp-element-caption\"><strong>Polo noir : 32\u20ac \/ 320 points<\/strong><\/figcaption><\/figure>\n\n\n\n<figure class=\"wp-block-image size-large\" id=\"wp-block-themeisle-blocks-image-70a30ac2\"><img loading=\"lazy\" decoding=\"async\" width=\"1024\" height=\"724\" data-id=\"1198\" src=\"https:\/\/www.ramcl.be\/ramcl\/wp-content\/uploads\/2025\/08\/3-1024x724.jpg\" alt=\"\" class=\"wp-image-1198\" srcset=\"https:\/\/www.ramcl.be\/ramcl\/wp-content\/uploads\/2025\/08\/3-1024x724.jpg 1024w, https:\/\/www.ramcl.be\/ramcl\/wp-content\/uploads\/2025\/08\/3-300x212.jpg 300w, https:\/\/www.ramcl.be\/ramcl\/wp-content\/uploads\/2025\/08\/3-768x543.jpg 768w, https:\/\/www.ramcl.be\/ramcl\/wp-content\/uploads\/2025\/08\/3-1536x1086.jpg 1536w, https:\/\/www.ramcl.be\/ramcl\/wp-content\/uploads\/2025\/08\/3-2048x1448.jpg 2048w\" sizes=\"auto, (max-width: 1024px) 100vw, 1024px\" \/><figcaption class=\"wp-element-caption\"><strong>Body Warmer Homme : 70\u20ac \/ 700 points<\/strong><\/figcaption><\/figure>\n\n\n\n<figure class=\"wp-block-image size-large\" id=\"wp-block-themeisle-blocks-image-68a6543c\"><img loading=\"lazy\" decoding=\"async\" width=\"1024\" height=\"724\" data-id=\"1194\" src=\"https:\/\/www.ramcl.be\/ramcl\/wp-content\/uploads\/2025\/08\/8-1024x724.jpg\" alt=\"\" class=\"wp-image-1194\" srcset=\"https:\/\/www.ramcl.be\/ramcl\/wp-content\/uploads\/2025\/08\/8-1024x724.jpg 1024w, https:\/\/www.ramcl.be\/ramcl\/wp-content\/uploads\/2025\/08\/8-300x212.jpg 300w, https:\/\/www.ramcl.be\/ramcl\/wp-content\/uploads\/2025\/08\/8-768x543.jpg 768w, https:\/\/www.ramcl.be\/ramcl\/wp-content\/uploads\/2025\/08\/8-1536x1086.jpg 1536w\" sizes=\"auto, (max-width: 1024px) 100vw, 1024px\" \/><figcaption class=\"wp-element-caption\"><strong>Veste homme : 80\u20ac \/ 800 points<\/strong><\/figcaption><\/figure>\n<\/figure>\n","protected":false},"excerpt":{"rendered":"<p>Retrouvez ici la boutique de votre club. Il est possible d&rsquo;acqu\u00e9rir les articles avec vos points de fid\u00e9lit\u00e9, en achat direct ou en combinant les deux. R\u00e9server et commandez vos [&hellip;]<\/p>\n","protected":false},"author":1,"featured_media":0,"parent":0,"menu_order":0,"comment_status":"closed","ping_status":"closed","template":"","meta":{"_EventAllDay":false,"_EventTimezone":"","_EventStartDate":"","_EventEndDate":"","_EventStartDateUTC":"","_EventEndDateUTC":"","_EventShowMap":false,"_EventShowMapLink":false,"_EventURL":"","_EventCost":"","_EventCostDescription":"","_EventCurrencySymbol":"","_EventCurrencyCode":"","_EventCurrencyPosition":"","_EventDateTimeSeparator":"","_EventTimeRangeSeparator":"","_EventOrganizerID":[],"_EventVenueID":[],"_OrganizerEmail":"","_OrganizerPhone":"","_OrganizerWebsite":"","_VenueAddress":"","_VenueCity":"","_VenueCountry":"","_VenueProvince":"","_VenueState":"","_VenueZip":"","_VenuePhone":"","_VenueURL":"","_VenueStateProvince":"","_VenueLat":"","_VenueLng":"","_VenueShowMap":false,"_VenueShowMapLink":false,"_themeisle_gutenberg_block_has_review":false,"footnotes":""},"class_list":["post-1188","page","type-page","status-publish","hentry"],"_links":{"self":[{"href":"https:\/\/www.ramcl.be\/ramcl\/index.php\/wp-json\/wp\/v2\/pages\/1188","targetHints":{"allow":["GET"]}}],"collection":[{"href":"https:\/\/www.ramcl.be\/ramcl\/index.php\/wp-json\/wp\/v2\/pages"}],"about":[{"href":"https:\/\/www.ramcl.be\/ramcl\/index.php\/wp-json\/wp\/v2\/types\/page"}],"author":[{"embeddable":true,"href":"https:\/\/www.ramcl.be\/ramcl\/index.php\/wp-json\/wp\/v2\/users\/1"}],"replies":[{"embeddable":true,"href":"https:\/\/www.ramcl.be\/ramcl\/index.php\/wp-json\/wp\/v2\/comments?post=1188"}],"version-history":[{"count":11,"href":"https:\/\/www.ramcl.be\/ramcl\/index.php\/wp-json\/wp\/v2\/pages\/1188\/revisions"}],"predecessor-version":[{"id":1218,"href":"https:\/\/www.ramcl.be\/ramcl\/index.php\/wp-json\/wp\/v2\/pages\/1188\/revisions\/1218"}],"wp:attachment":[{"href":"https:\/\/www.ramcl.be\/ramcl\/index.php\/wp-json\/wp\/v2\/media?parent=1188"}],"curies":[{"name":"wp","href":"https:\/\/api.w.org\/{rel}","templated":true}]}}