{"id":1215,"date":"2025-08-05T12:08:59","date_gmt":"2025-08-05T10:08:59","guid":{"rendered":"https:\/\/www.ramcl.be\/ramcl\/?page_id=1215"},"modified":"2025-08-09T15:32:06","modified_gmt":"2025-08-09T13:32:06","slug":"bon-de-commande","status":"publish","type":"page","link":"https:\/\/www.ramcl.be\/ramcl\/index.php\/bon-de-commande\/","title":{"rendered":"Bon de commande"},"content":{"rendered":"\n<p>Veuillez remplir les quantit\u00e9s et tailles souhait\u00e9es, ainsi que vos coordonn\u00e9es. Apr\u00e8s avoir rempli le formulaire, vous serez recontact\u00e9 avec le d\u00e9compte pr\u00e9cis de votre commande (tenant compte de vos points de fid\u00e9lit\u00e9 et stock), ensuite vous serez invit\u00e9 \u00e0 payer par virement bancaire sur le compte du club. Pas de paiement en ligne.<\/p>\n\n\n\n<div id=\"wp-block-themeisle-blocks-form-d461f096\" class=\"wp-block-themeisle-blocks-form\" data-option-name=\"f002d8fb24a1ee31a45f294d0e4e171b46690c57_d461f096\"><form class=\"otter-form__container\">\n<div id=\"wp-block-themeisle-blocks-form-input-c38f3792\" class=\"wp-block-themeisle-blocks-form-input\"><label for=\"wp-block-themeisle-blocks-form-input-c38f3792-input\" class=\"otter-form-input-label\"><span class=\"otter-form-input-label__label\">Nom et Pr\u00e9nom<\/span><span class=\"required\">*<\/span><\/label><input type=\"text\" id=\"wp-block-themeisle-blocks-form-input-c38f3792-input\" required class=\"otter-form-input\"\/><\/div>\n\n\n\n<div id=\"wp-block-themeisle-blocks-form-input-955abe64\" class=\"wp-block-themeisle-blocks-form-input\"><label for=\"wp-block-themeisle-blocks-form-input-955abe64-input\" class=\"otter-form-input-label\"><span class=\"otter-form-input-label__label\">Email<\/span><span class=\"required\">*<\/span><\/label><input type=\"email\" id=\"wp-block-themeisle-blocks-form-input-955abe64-input\" required class=\"otter-form-input\"\/><\/div>\n\n\n\n<div id=\"wp-block-themeisle-blocks-form-input-39b4b5ac\" class=\"wp-block-themeisle-blocks-form-input\"><label for=\"wp-block-themeisle-blocks-form-input-39b4b5ac-input\" class=\"otter-form-input-label\"><span class=\"otter-form-input-label__label\">GSM \/ Portable<\/span><span class=\"required\">*<\/span><\/label><input type=\"text\" id=\"wp-block-themeisle-blocks-form-input-39b4b5ac-input\" required class=\"otter-form-input\"\/><\/div>\n\n\n<div class=\"wp-block-themeisle-blocks-form-multiple-choice\" id=\"wp-block-themeisle-blocks-form-input-f866cbf7\"><label class=\"otter-form-input-label\" >S\u00e9lection des articles :<\/label><div class=\"o-form-choices\"><div class=\"o-form-multiple-choice-field\"><input type=\"checkbox\" name=\"wp-block-themeisle-blocks-form-input-f866cbf7\" id=\"field-Porte-cl\u00e9_4\u20ac\" value=\"Porte-cl\u00e9_4\u20ac\"  \/><label for=\"field-Porte-cl\u00e9_4\u20ac\" class=\"o-form-choice-label\">Porte-cl\u00e9 4\u20ac<\/label><\/div><div class=\"o-form-multiple-choice-field\"><input type=\"checkbox\" name=\"wp-block-themeisle-blocks-form-input-f866cbf7\" id=\"field-Ecusson_5\u20ac\" value=\"Ecusson_5\u20ac\"  \/><label for=\"field-Ecusson_5\u20ac\" class=\"o-form-choice-label\">Ecusson 5\u20ac<\/label><\/div><div class=\"o-form-multiple-choice-field\"><input type=\"checkbox\" name=\"wp-block-themeisle-blocks-form-input-f866cbf7\" id=\"field-Ventouse_8\u20ac\" value=\"Ventouse_8\u20ac\"  \/><label for=\"field-Ventouse_8\u20ac\" class=\"o-form-choice-label\">Ventouse 8\u20ac<\/label><\/div><div class=\"o-form-multiple-choice-field\"><input type=\"checkbox\" name=\"wp-block-themeisle-blocks-form-input-f866cbf7\" id=\"field-Plaque_calandre_16\u20ac\" value=\"Plaque_calandre_16\u20ac\"  \/><label for=\"field-Plaque_calandre_16\u20ac\" class=\"o-form-choice-label\">Plaque calandre 16\u20ac<\/label><\/div><div class=\"o-form-multiple-choice-field\"><input type=\"checkbox\" name=\"wp-block-themeisle-blocks-form-input-f866cbf7\" id=\"field-Casquette_20\u20ac\" value=\"Casquette_20\u20ac\"  \/><label for=\"field-Casquette_20\u20ac\" class=\"o-form-choice-label\">Casquette 20\u20ac<\/label><\/div><div class=\"o-form-multiple-choice-field\"><input type=\"checkbox\" name=\"wp-block-themeisle-blocks-form-input-f866cbf7\" id=\"field-Parapluie_24\u20ac\" value=\"Parapluie_24\u20ac\"  \/><label for=\"field-Parapluie_24\u20ac\" class=\"o-form-choice-label\">Parapluie 24\u20ac<\/label><\/div><div class=\"o-form-multiple-choice-field\"><input type=\"checkbox\" name=\"wp-block-themeisle-blocks-form-input-f866cbf7\" id=\"field-Polo_noir_32\u20ac_(indiquez_la_taille_dans_les_commentaires)\" value=\"Polo_noir_32\u20ac_(indiquez_la_taille_dans_les_commentaires)\"  \/><label for=\"field-Polo_noir_32\u20ac_(indiquez_la_taille_dans_les_commentaires)\" class=\"o-form-choice-label\">Polo noir 32\u20ac (indiquez la taille dans les commentaires)<\/label><\/div><div class=\"o-form-multiple-choice-field\"><input type=\"checkbox\" name=\"wp-block-themeisle-blocks-form-input-f866cbf7\" id=\"field-Body_Warmer_70\u20ac_(indiquez_la_taille_dans_les_commentaires)\" value=\"Body_Warmer_70\u20ac_(indiquez_la_taille_dans_les_commentaires)\"  \/><label for=\"field-Body_Warmer_70\u20ac_(indiquez_la_taille_dans_les_commentaires)\" class=\"o-form-choice-label\">Body Warmer 70\u20ac (indiquez la taille dans les commentaires)<\/label><\/div><div class=\"o-form-multiple-choice-field\"><input type=\"checkbox\" name=\"wp-block-themeisle-blocks-form-input-f866cbf7\" id=\"field-Veste_80\u20ac_(indiquez_la_taille_dans_les_commentaires)\" value=\"Veste_80\u20ac_(indiquez_la_taille_dans_les_commentaires)\"  \/><label for=\"field-Veste_80\u20ac_(indiquez_la_taille_dans_les_commentaires)\" class=\"o-form-choice-label\">Veste 80\u20ac (indiquez la taille dans les commentaires)<\/label><\/div><\/div><span class=\"o-form-help\"><\/span><\/div>\n\n\n<p>Si vous souhaitez une livraison \u00e0 domicile (via Bpost\/Colissimo\/Post.lu) veuillez remplir correctement votre adresse et cocher la case \u00ab\u00a0Livraison \u00e0 domicile\u00a0\u00bb. Un suppl\u00e9ment sera ajout\u00e9 \u00e0 votre commande pour ce service.<\/p>\n\n\n\n<div id=\"wp-block-themeisle-blocks-form-input-134613b8\" class=\"wp-block-themeisle-blocks-form-input\"><label for=\"wp-block-themeisle-blocks-form-input-134613b8-input\" class=\"otter-form-input-label\"><span class=\"otter-form-input-label__label\">Rue et num\u00e9ro<\/span><\/label><input type=\"text\" id=\"wp-block-themeisle-blocks-form-input-134613b8-input\" class=\"otter-form-input\"\/><\/div>\n\n\n\n<div id=\"wp-block-themeisle-blocks-form-input-eb2e0bd0\" class=\"wp-block-themeisle-blocks-form-input\"><label for=\"wp-block-themeisle-blocks-form-input-eb2e0bd0-input\" class=\"otter-form-input-label\"><span class=\"otter-form-input-label__label\">Code Postal et Localit\u00e9<\/span><\/label><input type=\"text\" id=\"wp-block-themeisle-blocks-form-input-eb2e0bd0-input\" class=\"otter-form-input\"\/><\/div>\n\n\n<div class=\"wp-block-themeisle-blocks-form-multiple-choice\" id=\"wp-block-themeisle-blocks-form-input-941dd4af\"><label class=\"otter-form-input-label\" for=\"wp-block-themeisle-blocks-form-input-941dd4af\" >Pays<\/label><select id=\"wp-block-themeisle-blocks-form-input-941dd4af\"  name=\"wp-block-themeisle-blocks-form-input-941dd4af\"><option value=\"belgique\">Belgique<\/option><option value=\"luxembourg\">Luxembourg<\/option><option value=\"france\">France<\/option><\/select><span class=\"o-form-help\"><\/span><\/div>\n\n<div class=\"wp-block-themeisle-blocks-form-multiple-choice\" id=\"wp-block-themeisle-blocks-form-input-218b20aa\"><label class=\"otter-form-input-label\" >Livraison \u00e0 domicile :<span class=\"required\">*<\/span><\/label><div class=\"o-form-choices\"><div class=\"o-form-multiple-choice-field\"><input type=\"radio\" name=\"wp-block-themeisle-blocks-form-input-218b20aa\" id=\"field-Oui\" value=\"Oui\" required checked \/><label for=\"field-Oui\" class=\"o-form-choice-label\">Oui<\/label><\/div><div class=\"o-form-multiple-choice-field\"><input type=\"radio\" name=\"wp-block-themeisle-blocks-form-input-218b20aa\" id=\"field-Non\" value=\"Non\" required \/><label for=\"field-Non\" class=\"o-form-choice-label\">Non<\/label><\/div><\/div><span class=\"o-form-help\"><\/span><\/div>\n\n\n<div id=\"wp-block-themeisle-blocks-form-textarea-f5af5c75\" class=\"wp-block-themeisle-blocks-form-textarea\"><label for=\"wp-block-themeisle-blocks-form-textarea-f5af5c75-input\" class=\"otter-form-textarea-label\"><span class=\"otter-form-textarea-label__label\">Message ou commentaire concernant votre commande (taille, quantit\u00e9, &#8230;)<\/span><\/label><textarea id=\"wp-block-themeisle-blocks-form-textarea-f5af5c75-input\" rows=\"10\" class=\"otter-form-textarea-input\"><\/textarea><\/div>\n\n\n<div class=\"wp-block-themeisle-blocks-form-multiple-choice\" id=\"wp-block-themeisle-blocks-form-textarea-8cda92eb\"><label class=\"otter-form-input-label\" >Validation de ma commande<span class=\"required\">*<\/span><\/label><div class=\"o-form-choices\"><div class=\"o-form-multiple-choice-field\"><input type=\"checkbox\" name=\"wp-block-themeisle-blocks-form-textarea-8cda92eb\" id=\"field-Par_la_pr\u00e9sente,_je_confirme_ma_commande_et_accepte_les_conditions_g\u00e9n\u00e9rales_de_vente_du_club._Vous_recevrez_quelques_jours_apr\u00e8s_une_confirmation_des_disponibilit\u00e9s_et_le_montant_exact_\u00e0_payer.\" value=\"Par_la_pr\u00e9sente,_je_confirme_ma_commande_et_accepte_les_conditions_g\u00e9n\u00e9rales_de_vente_du_club._Vous_recevrez_quelques_jours_apr\u00e8s_une_confirmation_des_disponibilit\u00e9s_et_le_montant_exact_\u00e0_payer.\" required \/><label for=\"field-Par_la_pr\u00e9sente,_je_confirme_ma_commande_et_accepte_les_conditions_g\u00e9n\u00e9rales_de_vente_du_club._Vous_recevrez_quelques_jours_apr\u00e8s_une_confirmation_des_disponibilit\u00e9s_et_le_montant_exact_\u00e0_payer.\" class=\"o-form-choice-label\">Par la pr\u00e9sente, je confirme ma commande et accepte les conditions g\u00e9n\u00e9rales de vente du club. Vous recevrez quelques jours apr\u00e8s une confirmation des disponibilit\u00e9s et le montant exact \u00e0 payer.<\/label><\/div><\/div><span class=\"o-form-help\"><\/span><\/div>\n\n<div class=\"protection\" aria-hidden=\"true\"><input type=\"hidden\" id=\"wp-block-themeisle-blocks-form-d461f096_nonce_field\" name=\"wp-block-themeisle-blocks-form-d461f096_nonce_field\" value=\"7e03d167f5\" \/><input type=\"hidden\" name=\"_wp_http_referer\" value=\"\/ramcl\/index.php\/wp-json\/wp\/v2\/pages\/1215\" \/><input class=\"o-anti-bot\" type=\"checkbox\"><\/div><div class=\"wp-block-button\"><button class=\"wp-block-button__link\" type=\"submit\">JE COMMANDE<\/button><\/div><\/form><\/div>\n","protected":false},"excerpt":{"rendered":"<p>Veuillez remplir les quantit\u00e9s et tailles souhait\u00e9es, ainsi que vos coordonn\u00e9es. Apr\u00e8s avoir rempli le formulaire, vous serez recontact\u00e9 avec le d\u00e9compte pr\u00e9cis de votre commande (tenant compte de vos [&hellip;]<\/p>\n","protected":false},"author":1,"featured_media":0,"parent":0,"menu_order":0,"comment_status":"closed","ping_status":"closed","template":"","meta":{"_EventAllDay":false,"_EventTimezone":"","_EventStartDate":"","_EventEndDate":"","_EventStartDateUTC":"","_EventEndDateUTC":"","_EventShowMap":false,"_EventShowMapLink":false,"_EventURL":"","_EventCost":"","_EventCostDescription":"","_EventCurrencySymbol":"","_EventCurrencyCode":"","_EventCurrencyPosition":"","_EventDateTimeSeparator":"","_EventTimeRangeSeparator":"","_EventOrganizerID":[],"_EventVenueID":[],"_OrganizerEmail":"","_OrganizerPhone":"","_OrganizerWebsite":"","_VenueAddress":"","_VenueCity":"","_VenueCountry":"","_VenueProvince":"","_VenueState":"","_VenueZip":"","_VenuePhone":"","_VenueURL":"","_VenueStateProvince":"","_VenueLat":"","_VenueLng":"","_VenueShowMap":false,"_VenueShowMapLink":false,"_themeisle_gutenberg_block_has_review":false,"footnotes":""},"class_list":["post-1215","page","type-page","status-publish","hentry"],"_links":{"self":[{"href":"https:\/\/www.ramcl.be\/ramcl\/index.php\/wp-json\/wp\/v2\/pages\/1215","targetHints":{"allow":["GET"]}}],"collection":[{"href":"https:\/\/www.ramcl.be\/ramcl\/index.php\/wp-json\/wp\/v2\/pages"}],"about":[{"href":"https:\/\/www.ramcl.be\/ramcl\/index.php\/wp-json\/wp\/v2\/types\/page"}],"author":[{"embeddable":true,"href":"https:\/\/www.ramcl.be\/ramcl\/index.php\/wp-json\/wp\/v2\/users\/1"}],"replies":[{"embeddable":true,"href":"https:\/\/www.ramcl.be\/ramcl\/index.php\/wp-json\/wp\/v2\/comments?post=1215"}],"version-history":[{"count":26,"href":"https:\/\/www.ramcl.be\/ramcl\/index.php\/wp-json\/wp\/v2\/pages\/1215\/revisions"}],"predecessor-version":[{"id":1254,"href":"https:\/\/www.ramcl.be\/ramcl\/index.php\/wp-json\/wp\/v2\/pages\/1215\/revisions\/1254"}],"wp:attachment":[{"href":"https:\/\/www.ramcl.be\/ramcl\/index.php\/wp-json\/wp\/v2\/media?parent=1215"}],"curies":[{"name":"wp","href":"https:\/\/api.w.org\/{rel}","templated":true}]}}