{"id":269,"date":"2024-06-24T10:54:41","date_gmt":"2024-06-24T08:54:41","guid":{"rendered":"https:\/\/www.ramcl.be\/ramcl\/?page_id=269"},"modified":"2024-09-03T22:05:46","modified_gmt":"2024-09-03T20:05:46","slug":"club-historique","status":"publish","type":"page","link":"https:\/\/www.ramcl.be\/ramcl\/index.php\/club-historique\/","title":{"rendered":"L&rsquo;histoire du RAMCL ann\u00e9e par ann\u00e9e&#8230;"},"content":{"rendered":"\n<div id=\"wp-block-themeisle-blocks-timeline-09454926\" class=\"wp-block-themeisle-blocks-timeline\"><div class=\"o-timeline-root\">\n<div id=\"wp-block-themeisle-blocks-timeline-item-99e27c0e\" class=\"wp-block-themeisle-blocks-timeline-item\"><div class=\"o-timeline-container\"><div class=\"o-timeline-icon\"><i class=\"fas fa-circle\"><\/i><\/div><div class=\"o-timeline-content\">\n<p class=\"has-small-font-size\">1970<\/p>\n\n\n\n<h3 class=\"wp-block-heading\">Les pr\u00e9mices&#8230; <\/h3>\n\n\n\n<p>Quelques amateurs de voitures anciennes d\u00e9cidaient de se retrouver plusieurs fois par an pour sillonner les routes de Lorraine.<\/p>\n\n\n\n<p>L&rsquo;histoire commence&#8230;<\/p>\n<\/div><\/div><\/div>\n\n\n\n<div id=\"wp-block-themeisle-blocks-timeline-item-e37874a9\" class=\"wp-block-themeisle-blocks-timeline-item\"><div class=\"o-timeline-container\"><div class=\"o-timeline-icon\"><i class=\"fas fa-circle\"><\/i><\/div><div class=\"o-timeline-content\">\n<p class=\"has-small-font-size\">1978<\/p>\n\n\n\n<h3 class=\"wp-block-heading\">D\u00e9p\u00f4t des statuts<\/h3>\n\n\n\n<p>Cr\u00e9ation d&rsquo;une a.s.b.l. : le R\u00e9tro Auto Moto Club Lorrain \u00e9tait officiel. Le club devient membre de la F\u00e9d\u00e9ration Belge des V\u00e9hicules Anciens sous le num\u00e9ro 231..<\/p>\n<\/div><\/div><\/div>\n\n\n\n<div id=\"wp-block-themeisle-blocks-timeline-item-c3657f81\" class=\"wp-block-themeisle-blocks-timeline-item\"><div class=\"o-timeline-container\"><div class=\"o-timeline-icon\"><i class=\"fas fa-circle\"><\/i><\/div><div class=\"o-timeline-content\">\n<p class=\"has-small-font-size\">1987<\/p>\n\n\n\n<h3 class=\"wp-block-heading\">Banque Carrefour<\/h3>\n\n\n\n<p>L&rsquo;a.s.b.l. est enregistr\u00e9e \u00e0 la Banque Carrefour des Entreprises afin d&rsquo;avoir une visibilit\u00e9 totale de ses statuts et comptes.<\/p>\n<\/div><\/div><\/div>\n\n\n\n<div id=\"wp-block-themeisle-blocks-timeline-item-fc99e6da\" class=\"wp-block-themeisle-blocks-timeline-item\"><div class=\"o-timeline-container\"><div class=\"o-timeline-icon\"><i class=\"fas fa-circle\"><\/i><\/div><div class=\"o-timeline-content\">\n<p class=\"has-small-font-size\">2007<\/p>\n\n\n\n<h3 class=\"wp-block-heading\">Web Site<\/h3>\n\n\n\n<p>Cr\u00e9ation d&rsquo;un site internet, www.ramcl.be, afin de faire connaitre les activit\u00e9s du club \u00e0 un plus grand nombre de personnes.<\/p>\n<\/div><\/div><\/div>\n\n\n\n<div id=\"wp-block-themeisle-blocks-timeline-item-3900f3aa\" class=\"wp-block-themeisle-blocks-timeline-item\"><div class=\"o-timeline-container\"><div class=\"o-timeline-icon\"><i class=\"fas fa-circle\"><\/i><\/div><div class=\"o-timeline-content\">\n<p class=\"has-small-font-size\">2022<\/p>\n\n\n\n<h3 class=\"wp-block-heading\">Nouveau logo<\/h3>\n\n\n\n<p>Un nouveau logo a sp\u00e9cialement \u00e9t\u00e9 cr\u00e9\u00e9 afin de dynamiser le club. Cette esquisse m\u00eale parfaitement les 2 engins motoris\u00e9s que nous aimons tant.<\/p>\n<\/div><\/div><\/div>\n<\/div><\/div>\n\n\n\n<p><\/p>\n","protected":false},"excerpt":{"rendered":"","protected":false},"author":3,"featured_media":0,"parent":0,"menu_order":0,"comment_status":"closed","ping_status":"closed","template":"","meta":{"_EventAllDay":false,"_EventTimezone":"","_EventStartDate":"","_EventEndDate":"","_EventStartDateUTC":"","_EventEndDateUTC":"","_EventShowMap":false,"_EventShowMapLink":false,"_EventURL":"","_EventCost":"","_EventCostDescription":"","_EventCurrencySymbol":"","_EventCurrencyCode":"","_EventCurrencyPosition":"","_EventDateTimeSeparator":"","_EventTimeRangeSeparator":"","_EventOrganizerID":[],"_EventVenueID":[],"_OrganizerEmail":"","_OrganizerPhone":"","_OrganizerWebsite":"","_VenueAddress":"","_VenueCity":"","_VenueCountry":"","_VenueProvince":"","_VenueState":"","_VenueZip":"","_VenuePhone":"","_VenueURL":"","_VenueStateProvince":"","_VenueLat":"","_VenueLng":"","_VenueShowMap":false,"_VenueShowMapLink":false,"_themeisle_gutenberg_block_has_review":false,"footnotes":""},"class_list":["post-269","page","type-page","status-publish","hentry"],"_links":{"self":[{"href":"https:\/\/www.ramcl.be\/ramcl\/index.php\/wp-json\/wp\/v2\/pages\/269","targetHints":{"allow":["GET"]}}],"collection":[{"href":"https:\/\/www.ramcl.be\/ramcl\/index.php\/wp-json\/wp\/v2\/pages"}],"about":[{"href":"https:\/\/www.ramcl.be\/ramcl\/index.php\/wp-json\/wp\/v2\/types\/page"}],"author":[{"embeddable":true,"href":"https:\/\/www.ramcl.be\/ramcl\/index.php\/wp-json\/wp\/v2\/users\/3"}],"replies":[{"embeddable":true,"href":"https:\/\/www.ramcl.be\/ramcl\/index.php\/wp-json\/wp\/v2\/comments?post=269"}],"version-history":[{"count":4,"href":"https:\/\/www.ramcl.be\/ramcl\/index.php\/wp-json\/wp\/v2\/pages\/269\/revisions"}],"predecessor-version":[{"id":594,"href":"https:\/\/www.ramcl.be\/ramcl\/index.php\/wp-json\/wp\/v2\/pages\/269\/revisions\/594"}],"wp:attachment":[{"href":"https:\/\/www.ramcl.be\/ramcl\/index.php\/wp-json\/wp\/v2\/media?parent=269"}],"curies":[{"name":"wp","href":"https:\/\/api.w.org\/{rel}","templated":true}]}}