{"id":40,"date":"2024-05-11T21:51:18","date_gmt":"2024-05-11T19:51:18","guid":{"rendered":"https:\/\/www.ramcl.be\/ramcl\/?page_id=40"},"modified":"2026-02-17T10:19:24","modified_gmt":"2026-02-17T09:19:24","slug":"club-devenir-membre","status":"publish","type":"page","link":"https:\/\/www.ramcl.be\/ramcl\/index.php\/club-devenir-membre\/","title":{"rendered":"Club &#8211; Devenir membre"},"content":{"rendered":"\n<div class=\"wp-block-group alignfull is-layout-constrained wp-container-core-group-is-layout-c2b63da3 wp-block-group-is-layout-constrained\" style=\"margin-top:0px;margin-bottom:0px;padding-top:var(--wp--preset--spacing--80);padding-right:var(--wp--preset--spacing--40);padding-bottom:var(--wp--preset--spacing--80);padding-left:var(--wp--preset--spacing--40)\">\n<h2 class=\"wp-block-heading has-text-align-center is-style-default\">Nouveau Membre<\/h2>\n\n\n\n<div class=\"wp-block-group alignfull is-layout-constrained wp-container-core-group-is-layout-1ee8cfa1 wp-block-group-is-layout-constrained\" style=\"margin-top:0;margin-bottom:0;padding-top:var(--wp--preset--spacing--80);padding-right:var(--wp--preset--spacing--40);padding-bottom:var(--wp--preset--spacing--80);padding-left:var(--wp--preset--spacing--40)\">\n<div class=\"wp-block-group alignwide is-layout-flow wp-block-group-is-layout-flow\">\n<div class=\"wp-block-columns is-layout-flex wp-container-core-columns-is-layout-28f84493 wp-block-columns-is-layout-flex\">\n<div class=\"wp-block-column is-vertically-aligned-center is-layout-flow wp-block-column-is-layout-flow\">\n<div class=\"wp-block-group is-layout-constrained wp-container-core-group-is-layout-4c9bdec8 wp-block-group-is-layout-constrained\" style=\"border-radius:5px;padding-top:0;padding-right:0;padding-bottom:0;padding-left:0\">\n<p class=\"has-small-font-size\" style=\"font-style:normal;font-weight:600;letter-spacing:2px;text-transform:uppercase\">Devenez membre &#8211; rejoignez-nous!<\/p>\n\n\n\n<h2 class=\"wp-block-heading has-text-align-left\">Une somme modique pour un service maximum !<\/h2>\n\n\n\n<p class=\"has-text-align-left\">Les frais d&rsquo;adh\u00e9sion et de renouvellement sont volontairement maintenus \u00e0 un prix d\u00e9mocratique afin de permettre \u00e0 tout un chacun de faire partie du RAMCL.<\/p>\n\n\n\n<p>En vous affiliant chez nous vous serez automatiquement affili\u00e9 au BEHVA , vous pourrez participer \u00e0 nos activit\u00e9s et balades.<\/p>\n\n\n\n<p>Notre club est r\u00e9put\u00e9 pour \u00eatre un club tr\u00e8s g\u00e9n\u00e9reux qui offre \u00e9norm\u00e9ment pour le prix de l&rsquo;affiliation.<\/p>\n<\/div>\n<\/div>\n\n\n\n<div class=\"wp-block-column has-raft-bg-alt-background-color has-background is-layout-flow wp-block-column-is-layout-flow\">\n<div class=\"wp-block-group is-layout-constrained wp-container-core-group-is-layout-ba3d759a wp-block-group-is-layout-constrained\" style=\"padding-top:var(--wp--preset--spacing--50);padding-right:var(--wp--preset--spacing--50);padding-bottom:var(--wp--preset--spacing--50);padding-left:var(--wp--preset--spacing--50)\">\n<div class=\"wp-block-group is-nowrap is-layout-flex wp-container-core-group-is-layout-6c531013 wp-block-group-is-layout-flex\">\n<p class=\"has-text-align-left\" style=\"font-size:3rem\">\u20ac40,00<\/p>\n\n\n\n<p class=\"has-text-align-center has-small-font-size\" style=\"font-style:normal;font-weight:600;letter-spacing:2px;text-transform:uppercase\">Membre<\/p>\n<\/div>\n\n\n\n<div style=\"height:16px\" aria-hidden=\"true\" class=\"wp-block-spacer\"><\/div>\n\n\n\n<p class=\"has-text-align-left has-normal-font-size\">Cotisation annuelle<\/p>\n\n\n\n<hr class=\"wp-block-separator has-alpha-channel-opacity is-style-wide\" style=\"margin-top:var(--wp--preset--spacing--30);margin-bottom:var(--wp--preset--spacing--30)\"\/>\n\n\n\n<p class=\"has-text-align-left has-normal-font-size\">Acc\u00e8s aux activit\u00e9s RAMCL<\/p>\n\n\n\n<hr class=\"wp-block-separator has-alpha-channel-opacity is-style-wide\" style=\"margin-top:var(--wp--preset--spacing--30);margin-bottom:var(--wp--preset--spacing--30)\"\/>\n\n\n\n<p class=\"has-text-align-left has-normal-font-size\">Revue BEHVA<\/p>\n\n\n\n<div style=\"height:16px\" aria-hidden=\"true\" class=\"wp-block-spacer\"><\/div>\n<\/div>\n<\/div>\n<\/div>\n<\/div>\n<\/div>\n\n\n\n<h2 class=\"wp-block-heading\">Remplissez le formulaire ci-dessous pour devenir membre<\/h2>\n\n\n\n<div id=\"wp-block-themeisle-blocks-form-612f823a\" class=\"wp-block-themeisle-blocks-form\" data-option-name=\"f002d8fb24a1ee31a45f294d0e4e171b46690c57_612f823a\"><form class=\"otter-form__container\">\n<div id=\"wp-block-themeisle-blocks-form-input-f61deff1\" class=\"wp-block-themeisle-blocks-form-input\"><label for=\"wp-block-themeisle-blocks-form-input-f61deff1-input\" class=\"otter-form-input-label\"><span class=\"otter-form-input-label__label\">Nom et pr\u00e9nom<\/span><span class=\"required\">*<\/span><\/label><input type=\"text\" id=\"wp-block-themeisle-blocks-form-input-f61deff1-input\" required class=\"otter-form-input\"\/><span class=\"o-form-help\">Entrez votre nom et pr\u00e9nom<\/span><\/div>\n\n\n\n<div id=\"wp-block-themeisle-blocks-form-input-164cf05b\" class=\"wp-block-themeisle-blocks-form-input\"><label for=\"wp-block-themeisle-blocks-form-input-164cf05b-input\" class=\"otter-form-input-label\"><span class=\"otter-form-input-label__label\">Email<\/span><span class=\"required\">*<\/span><\/label><input type=\"email\" id=\"wp-block-themeisle-blocks-form-input-164cf05b-input\" required class=\"otter-form-input\"\/><span class=\"o-form-help\">Entrez votre email <\/span><\/div>\n\n\n\n<div id=\"wp-block-themeisle-blocks-form-input-5cee8130\" class=\"wp-block-themeisle-blocks-form-input\"><label for=\"wp-block-themeisle-blocks-form-input-5cee8130-input\" class=\"otter-form-input-label\"><span class=\"otter-form-input-label__label\">Num\u00e9ro de portable\/GSM<\/span><span class=\"required\">*<\/span><\/label><input type=\"text\" id=\"wp-block-themeisle-blocks-form-input-5cee8130-input\" required class=\"otter-form-input\"\/><\/div>\n\n\n<div class=\"protection\" aria-hidden=\"true\"><input type=\"hidden\" id=\"wp-block-themeisle-blocks-form-612f823a_nonce_field\" name=\"wp-block-themeisle-blocks-form-612f823a_nonce_field\" value=\"2d1c12a689\" \/><input type=\"hidden\" name=\"_wp_http_referer\" value=\"\/ramcl\/index.php\/wp-json\/wp\/v2\/pages\/40\" \/><input class=\"o-anti-bot\" type=\"checkbox\"><\/div>\n\n\n<div id=\"wp-block-themeisle-blocks-form-input-0e4169f2\" class=\"wp-block-themeisle-blocks-form-input\"><label for=\"wp-block-themeisle-blocks-form-input-0e4169f2-input\" class=\"otter-form-input-label\"><span class=\"otter-form-input-label__label\">Adresse (rue, num\u00e9ro)<\/span><span class=\"required\">*<\/span><\/label><input type=\"text\" id=\"wp-block-themeisle-blocks-form-input-0e4169f2-input\" required class=\"otter-form-input\"\/><\/div>\n\n\n\n<div id=\"wp-block-themeisle-blocks-form-input-76587966\" class=\"wp-block-themeisle-blocks-form-input\"><label for=\"wp-block-themeisle-blocks-form-input-76587966-input\" class=\"otter-form-input-label\"><span class=\"otter-form-input-label__label\">Code Postal<\/span><span class=\"required\">*<\/span><\/label><input type=\"text\" id=\"wp-block-themeisle-blocks-form-input-76587966-input\" required class=\"otter-form-input\"\/><\/div>\n\n\n\n<div id=\"wp-block-themeisle-blocks-form-input-71d1a029\" class=\"wp-block-themeisle-blocks-form-input\"><label for=\"wp-block-themeisle-blocks-form-input-71d1a029-input\" class=\"otter-form-input-label\"><span class=\"otter-form-input-label__label\">Localit\u00e9<\/span><span class=\"required\">*<\/span><\/label><input type=\"text\" id=\"wp-block-themeisle-blocks-form-input-71d1a029-input\" required class=\"otter-form-input\"\/><\/div>\n\n\n\n<div id=\"wp-block-themeisle-blocks-form-input-42ea5b67\" class=\"wp-block-themeisle-blocks-form-input\"><label for=\"wp-block-themeisle-blocks-form-input-42ea5b67-input\" class=\"otter-form-input-label\"><span class=\"otter-form-input-label__label\">Marque et mod\u00e8le de voiture\/moto<\/span><\/label><input type=\"text\" id=\"wp-block-themeisle-blocks-form-input-42ea5b67-input\" class=\"otter-form-input\"\/><span class=\"o-form-help\">Vous pouvez entrer plusieurs voitures\/motos dans ce champs<\/span><\/div>\n\n\n\n<div id=\"wp-block-themeisle-blocks-form-input-a494848d\" class=\"wp-block-themeisle-blocks-form-input\"><label for=\"wp-block-themeisle-blocks-form-input-a494848d-input\" class=\"otter-form-input-label\"><span class=\"otter-form-input-label__label\">T\u00e9l\u00e9phone fixe<\/span><\/label><input type=\"text\" id=\"wp-block-themeisle-blocks-form-input-a494848d-input\" class=\"otter-form-input\"\/><\/div>\n\n\n\n<div id=\"wp-block-themeisle-blocks-form-input-dca49e13\" class=\"wp-block-themeisle-blocks-form-input\"><label for=\"wp-block-themeisle-blocks-form-input-dca49e13-input\" class=\"otter-form-input-label\"><span class=\"otter-form-input-label__label\">Date de naissance<\/span><span class=\"required\">*<\/span><\/label><input type=\"date\" id=\"wp-block-themeisle-blocks-form-input-dca49e13-input\" required class=\"otter-form-input\"\/><\/div>\n\n\n\n<div id=\"wp-block-themeisle-blocks-form-input-f1ef4c56\" class=\"wp-block-themeisle-blocks-form-input\"><label for=\"wp-block-themeisle-blocks-form-input-f1ef4c56-input\" class=\"otter-form-input-label\"><span class=\"otter-form-input-label__label\">Commentaire ou information compl\u00e9mentaire<\/span><\/label><input type=\"text\" id=\"wp-block-themeisle-blocks-form-input-f1ef4c56-input\" class=\"otter-form-input\"\/><\/div>\n\n\n<div class=\" is-style-hidden-label wp-block-themeisle-blocks-form-multiple-choice\" id=\"wp-block-themeisle-blocks-form-input-fd559eff\"><label class=\"otter-form-input-label\" >Validation ROI<span class=\"required\">*<\/span><\/label><div class=\"o-form-choices\"><div class=\"o-form-multiple-choice-field\"><input type=\"checkbox\" name=\"wp-block-themeisle-blocks-form-input-fd559eff\" id=\"field-J&#039;ai_pris_connaissance_du_R\u00e8glement_d&#039;Ordre_Int\u00e9rieur_et_y_adh\u00e8re\" value=\"J&#039;ai_pris_connaissance_du_R\u00e8glement_d&#039;Ordre_Int\u00e9rieur_et_y_adh\u00e8re\" required \/><label for=\"field-J&#039;ai_pris_connaissance_du_R\u00e8glement_d&#039;Ordre_Int\u00e9rieur_et_y_adh\u00e8re\" class=\"o-form-choice-label\">J&rsquo;ai pris connaissance du R\u00e8glement d&rsquo;Ordre Int\u00e9rieur et y adh\u00e8re<\/label><\/div><\/div><span class=\"o-form-help\"><\/span><\/div><div class=\"wp-block-button\"><button class=\"wp-block-button__link\" type=\"submit\">Submit<\/button><\/div><\/form><\/div>\n\n\n\n<div style=\"height:0px\" aria-hidden=\"true\" class=\"wp-block-spacer\"><\/div>\n\n\n\n<h2 class=\"wp-block-heading has-text-align-center is-style-default\">Comment renouveller sa cotisation<\/h2>\n\n\n\n<div class=\"wp-block-group alignfull is-layout-constrained wp-container-core-group-is-layout-1ee8cfa1 wp-block-group-is-layout-constrained\" style=\"margin-top:0;margin-bottom:0;padding-top:var(--wp--preset--spacing--80);padding-right:var(--wp--preset--spacing--40);padding-bottom:var(--wp--preset--spacing--80);padding-left:var(--wp--preset--spacing--40)\">\n<div class=\"wp-block-group alignwide is-layout-flow wp-block-group-is-layout-flow\">\n<div class=\"wp-block-columns is-layout-flex wp-container-core-columns-is-layout-28f84493 wp-block-columns-is-layout-flex\">\n<div class=\"wp-block-column is-vertically-aligned-center is-layout-flow wp-block-column-is-layout-flow\">\n<div class=\"wp-block-group is-layout-constrained wp-container-core-group-is-layout-4c9bdec8 wp-block-group-is-layout-constrained\" style=\"border-radius:5px;padding-top:0;padding-right:0;padding-bottom:0;padding-left:0\">\n<p class=\"has-small-font-size\" style=\"font-style:normal;font-weight:600;letter-spacing:2px;text-transform:uppercase\">TRES SIMPLE!<\/p>\n\n\n\n<h2 class=\"wp-block-heading has-text-align-left\">Renouvellement annuel<\/h2>\n\n\n\n<p class=\"has-text-align-left\">Chaque ann\u00e9e, et avant le 31 janvier, nous vous invitons \u00e0 renouveler votre cotisation.<\/p>\n\n\n\n<p>Compte IBAN : <br><strong>BE03 0001 2660 3184<\/strong><\/p>\n\n\n\n<p>Communication : <br><strong>Cotisation + Ann\u00e9e + Nom + Pr\u00e9nom<\/strong><\/p>\n<\/div>\n<\/div>\n\n\n\n<div class=\"wp-block-column has-raft-bg-alt-background-color has-background is-layout-flow wp-block-column-is-layout-flow\">\n<div class=\"wp-block-group is-layout-constrained wp-container-core-group-is-layout-ba3d759a wp-block-group-is-layout-constrained\" style=\"padding-top:var(--wp--preset--spacing--50);padding-right:var(--wp--preset--spacing--50);padding-bottom:var(--wp--preset--spacing--50);padding-left:var(--wp--preset--spacing--50)\">\n<div class=\"wp-block-group is-nowrap is-layout-flex wp-container-core-group-is-layout-6c531013 wp-block-group-is-layout-flex\">\n<p class=\"has-text-align-left\" style=\"font-size:3rem\">\u20ac40,00<\/p>\n\n\n\n<p class=\"has-text-align-center has-small-font-size\" style=\"font-style:normal;font-weight:600;letter-spacing:2px;text-transform:uppercase\">Membre<\/p>\n<\/div>\n\n\n\n<div style=\"height:16px\" aria-hidden=\"true\" class=\"wp-block-spacer\"><\/div>\n\n\n\n<p class=\"has-text-align-left has-normal-font-size\">Cotisation annuelle du 01\/01 au 31\/12<\/p>\n\n\n\n<hr class=\"wp-block-separator has-alpha-channel-opacity is-style-wide\" style=\"margin-top:var(--wp--preset--spacing--30);margin-bottom:var(--wp--preset--spacing--30)\"\/>\n\n\n\n<p class=\"has-text-align-left has-normal-font-size\">Acc\u00e8s aux activit\u00e9s RAMCL<\/p>\n\n\n\n<hr class=\"wp-block-separator has-alpha-channel-opacity is-style-wide\" style=\"margin-top:var(--wp--preset--spacing--30);margin-bottom:var(--wp--preset--spacing--30)\"\/>\n\n\n\n<p class=\"has-text-align-left has-normal-font-size\">Revue BEHVA<\/p>\n\n\n\n<div style=\"height:16px\" aria-hidden=\"true\" class=\"wp-block-spacer\"><\/div>\n<\/div>\n<\/div>\n<\/div>\n<\/div>\n<\/div>\n<\/div>\n","protected":false},"excerpt":{"rendered":"<p>Nouveau Membre Devenez membre &#8211; rejoignez-nous! Une somme modique pour un service maximum ! Les frais d&rsquo;adh\u00e9sion et de renouvellement sont volontairement maintenus \u00e0 un prix d\u00e9mocratique afin de permettre [&hellip;]<\/p>\n","protected":false},"author":1,"featured_media":0,"parent":0,"menu_order":0,"comment_status":"closed","ping_status":"closed","template":"","meta":{"_EventAllDay":false,"_EventTimezone":"","_EventStartDate":"","_EventEndDate":"","_EventStartDateUTC":"","_EventEndDateUTC":"","_EventShowMap":false,"_EventShowMapLink":false,"_EventURL":"","_EventCost":"","_EventCostDescription":"","_EventCurrencySymbol":"","_EventCurrencyCode":"","_EventCurrencyPosition":"","_EventDateTimeSeparator":"","_EventTimeRangeSeparator":"","_EventOrganizerID":[],"_EventVenueID":[],"_OrganizerEmail":"","_OrganizerPhone":"","_OrganizerWebsite":"","_VenueAddress":"","_VenueCity":"","_VenueCountry":"","_VenueProvince":"","_VenueState":"","_VenueZip":"","_VenuePhone":"","_VenueURL":"","_VenueStateProvince":"","_VenueLat":"","_VenueLng":"","_VenueShowMap":false,"_VenueShowMapLink":false,"_themeisle_gutenberg_block_has_review":false,"footnotes":""},"class_list":["post-40","page","type-page","status-publish","hentry"],"_links":{"self":[{"href":"https:\/\/www.ramcl.be\/ramcl\/index.php\/wp-json\/wp\/v2\/pages\/40","targetHints":{"allow":["GET"]}}],"collection":[{"href":"https:\/\/www.ramcl.be\/ramcl\/index.php\/wp-json\/wp\/v2\/pages"}],"about":[{"href":"https:\/\/www.ramcl.be\/ramcl\/index.php\/wp-json\/wp\/v2\/types\/page"}],"author":[{"embeddable":true,"href":"https:\/\/www.ramcl.be\/ramcl\/index.php\/wp-json\/wp\/v2\/users\/1"}],"replies":[{"embeddable":true,"href":"https:\/\/www.ramcl.be\/ramcl\/index.php\/wp-json\/wp\/v2\/comments?post=40"}],"version-history":[{"count":28,"href":"https:\/\/www.ramcl.be\/ramcl\/index.php\/wp-json\/wp\/v2\/pages\/40\/revisions"}],"predecessor-version":[{"id":1569,"href":"https:\/\/www.ramcl.be\/ramcl\/index.php\/wp-json\/wp\/v2\/pages\/40\/revisions\/1569"}],"wp:attachment":[{"href":"https:\/\/www.ramcl.be\/ramcl\/index.php\/wp-json\/wp\/v2\/media?parent=40"}],"curies":[{"name":"wp","href":"https:\/\/api.w.org\/{rel}","templated":true}]}}