{"id":918,"date":"2025-04-06T21:32:49","date_gmt":"2025-04-06T19:32:49","guid":{"rendered":"https:\/\/www.ramcl.be\/ramcl\/?page_id=918"},"modified":"2025-04-26T08:53:07","modified_gmt":"2025-04-26T06:53:07","slug":"club-programme-fidelite","status":"publish","type":"page","link":"https:\/\/www.ramcl.be\/ramcl\/index.php\/club-programme-fidelite\/","title":{"rendered":"Club &#8211; Programme Fid\u00e9lit\u00e9"},"content":{"rendered":"\n<p>Le club a mis en place un programme de fid\u00e9lit\u00e9 permettant de r\u00e9compenser les membres les plus actifs. Il fonctionne sur une p\u00e9riode de 2 ans via l&rsquo;attribution de points.<\/p>\n\n\n\n<figure class=\"wp-block-table\"><table class=\"has-fixed-layout\"><tbody><tr><td><strong>Article<\/strong><\/td><td><strong>Prix<\/strong><\/td><td><strong>Points<\/strong><\/td><\/tr><tr><td>Porte-clefs&nbsp;<\/td><td>4,00 \u20ac<\/td><td>40<\/td><\/tr><tr><td>Ventouses<\/td><td>8,00 \u20ac<\/td><td>80<\/td><\/tr><tr><td>Plaque calandre<\/td><td>16,00 \u20ac<\/td><td>160<\/td><\/tr><tr><td>Casquette<\/td><td>20,00 \u20ac<\/td><td>200<\/td><\/tr><tr><td>Polo noir<\/td><td>32,00 \u20ac<\/td><td>320<\/td><\/tr><tr><td>Body Warmer<\/td><td>70,00 \u20ac<\/td><td>700<\/td><\/tr><tr><td>Veste<\/td><td>80,00 \u20ac<\/td><td>480 + 32,00 \u20ac<\/td><\/tr><tr><td>Parapluie<\/td><td>24,00 \u20ac<\/td><td>240<\/td><\/tr><\/tbody><\/table><\/figure>\n\n\n\n<p>Les points sont attribu\u00e9s de la mani\u00e8re suivante&nbsp;:<\/p>\n\n\n\n<ul class=\"wp-block-list\">\n<li>&nbsp;&nbsp;&nbsp;&nbsp;&nbsp;&nbsp;&nbsp;&nbsp;&nbsp;&nbsp;&nbsp;&nbsp;40 pts pour chaque inscription \u00e0 une de nos randonn\u00e9es&nbsp;&nbsp;<\/li>\n\n\n\n<li>&nbsp;&nbsp;&nbsp;&nbsp;&nbsp;&nbsp;&nbsp;&nbsp;&nbsp;&nbsp;&nbsp;&nbsp;20 pts par journ\u00e9e de b\u00e9n\u00e9volat&nbsp;pour le club&nbsp;<\/li>\n\n\n\n<li>&nbsp;&nbsp;&nbsp;&nbsp;&nbsp;&nbsp;&nbsp;&nbsp;&nbsp;&nbsp;&nbsp;&nbsp;120 pts pour les organisateurs d&rsquo;une randonn\u00e9e&nbsp;<\/li>\n\n\n\n<li>&nbsp;&nbsp;&nbsp;&nbsp;&nbsp;&nbsp;&nbsp;&nbsp;&nbsp;&nbsp;&nbsp;&nbsp;20 pts par jour lors d&rsquo;un voyage <\/li>\n<\/ul>\n\n\n\n<p>Vous pouvez aussi faire un mix \u00ab\u00a0esp\u00e8ces\/points\u00a0\u00bb par exemple pour la veste 480 pts + 32 \u20ac ou 400 pts et 40 \u20ac ou &#8230;<\/p>\n\n\n\n<p>Ces articles sont \u00e9galement disponibles \u00e0 l&rsquo;achat ind\u00e9pendamment du programme de fid\u00e9lit\u00e9, en contactant directement le club. Le paiement peut se faire en esp\u00e8ces ou par virement bancaire.<\/p>\n\n\n\n<p><\/p>\n","protected":false},"excerpt":{"rendered":"<p>Le club a mis en place un programme de fid\u00e9lit\u00e9 permettant de r\u00e9compenser les membres les plus actifs. Il fonctionne sur une p\u00e9riode de 2 ans via l&rsquo;attribution de points. [&hellip;]<\/p>\n","protected":false},"author":1,"featured_media":0,"parent":0,"menu_order":0,"comment_status":"closed","ping_status":"closed","template":"","meta":{"_EventAllDay":false,"_EventTimezone":"","_EventStartDate":"","_EventEndDate":"","_EventStartDateUTC":"","_EventEndDateUTC":"","_EventShowMap":false,"_EventShowMapLink":false,"_EventURL":"","_EventCost":"","_EventCostDescription":"","_EventCurrencySymbol":"","_EventCurrencyCode":"","_EventCurrencyPosition":"","_EventDateTimeSeparator":"","_EventTimeRangeSeparator":"","_EventOrganizerID":[],"_EventVenueID":[],"_OrganizerEmail":"","_OrganizerPhone":"","_OrganizerWebsite":"","_VenueAddress":"","_VenueCity":"","_VenueCountry":"","_VenueProvince":"","_VenueState":"","_VenueZip":"","_VenuePhone":"","_VenueURL":"","_VenueStateProvince":"","_VenueLat":"","_VenueLng":"","_VenueShowMap":false,"_VenueShowMapLink":false,"_themeisle_gutenberg_block_has_review":false,"footnotes":""},"class_list":["post-918","page","type-page","status-publish","hentry"],"_links":{"self":[{"href":"https:\/\/www.ramcl.be\/ramcl\/index.php\/wp-json\/wp\/v2\/pages\/918","targetHints":{"allow":["GET"]}}],"collection":[{"href":"https:\/\/www.ramcl.be\/ramcl\/index.php\/wp-json\/wp\/v2\/pages"}],"about":[{"href":"https:\/\/www.ramcl.be\/ramcl\/index.php\/wp-json\/wp\/v2\/types\/page"}],"author":[{"embeddable":true,"href":"https:\/\/www.ramcl.be\/ramcl\/index.php\/wp-json\/wp\/v2\/users\/1"}],"replies":[{"embeddable":true,"href":"https:\/\/www.ramcl.be\/ramcl\/index.php\/wp-json\/wp\/v2\/comments?post=918"}],"version-history":[{"count":6,"href":"https:\/\/www.ramcl.be\/ramcl\/index.php\/wp-json\/wp\/v2\/pages\/918\/revisions"}],"predecessor-version":[{"id":966,"href":"https:\/\/www.ramcl.be\/ramcl\/index.php\/wp-json\/wp\/v2\/pages\/918\/revisions\/966"}],"wp:attachment":[{"href":"https:\/\/www.ramcl.be\/ramcl\/index.php\/wp-json\/wp\/v2\/media?parent=918"}],"curies":[{"name":"wp","href":"https:\/\/api.w.org\/{rel}","templated":true}]}}